{"id":382,"date":"2022-01-31T23:52:24","date_gmt":"2022-01-31T22:52:24","guid":{"rendered":"https:\/\/www.villabordoni.com\/our-history\/the-villa\/"},"modified":"2026-03-08T13:06:26","modified_gmt":"2026-03-08T12:06:26","slug":"la-villa-e-la-sua-trasformazione","status":"publish","type":"page","link":"https:\/\/www.villabordoni.com\/it\/la-storia\/la-villa-e-la-sua-trasformazione\/","title":{"rendered":"La Villa e la sua trasformazione"},"content":{"rendered":"\n<p><strong>Villa Bordoni<\/strong> \u00e8 una &#8220;<strong>Villa Patrizia<\/strong>&#8221; &#8211; l&#8217;ex residenza di campagna dei Bordoni, una famiglia di ricchi mercanti della citt\u00e0 di Firenze. Per comprendere la storia della Villa, bisogna comprendere la storia della Valle della Greve e oltre, fino all&#8217;agglomerato di citt\u00e0-stato che oggi sono conosciute come l&#8217;Italia.<\/p>\n\n\n\n<p>Firenze e Siena erano stati indipendenti nel medioevo, rivali spesso in guerra tra di loro. La valle del fiume Greve, che d\u00e0 il nome al paese pi\u00f9 vicino, era di grande importanza strategica, e fin troppo spesso campo di battaglia degli eserciti fiorentino e senese; da qui la concentrazione di castelli e borghi fortificati nella zona.<\/p>\n\n\n\n<p>Le origini di Villa Bordoni risalgono all&#8217;XI secolo, quando era una torre fortificata in pietra, con spesse mura, attaccata a una solida prigione sotterranea per i prigionieri di guerra. Nel corso dei secoli una rete di fragili alleanze port\u00f2 una relativa pace nella regione e permise alla struttura di evolversi in una fattoria, seppur fortificata.<\/p>\n\n\n\n<p>Nel corso del XVII secolo questa \u2018casa colonica\u2019 fu acquistata da una ricca famiglia fiorentina, come residenza estiva di campagna e rifugio di caccia; pian piano si trasform\u00f2 in Villa, con la sua facciata in stucco e il giardino all&#8217;italiana. Nel corso del XVIII\u00b0 secolo Giuseppe Bordoni fece di questa Villa la sua dimora stabile e invest\u00ec molto nei vigneti, producendo dal 1782 un rinomato Chianti Classico, che prese il nome di \u201cMezzuola\u201d, il borgo che circondava la sua residenza. All&#8217;epoca appartenevano ai Bordoni l&#8217;intero borgo e alcune decine di ettari di ottimi terreni agricoli.<\/p>\n\n\n\n<p>Durante la rivoluzione industriale e il successivo processo di urbanizzazione, la regione del Chianti divenne sempre meno abitata, segnata dalla povert\u00e0, e i figli di molti contadini fuggirono dalle campagne in cerca di una vita migliore nelle citt\u00e0 d&#8217;Italia e all&#8217;estero.<\/p>\n\n\n\n<p>Dopo la seconda guerra mondiale, l&#8217;erede dell&#8217;ormai ristretto patrimonio familiare fece del suo meglio per difendere la propriet\u00e0 di famiglia, ma negli anni si trov\u00f2 a dover vendere appezzamenti di terreno e interi casali per preservare la Villa e il nucleo della fattoria. Sposato con un artista dai dubbi talenti non ha fatto altro che compromottere ulteriormente la sua fortuna, dato che faceva di tutto per finanziare mostre delle sue opere in tutta Europa.<\/p>\n\n\n\n<p>Durante gli anni &#8217;80 e &#8217;90 l&#8217;allora vedova, senza eredi, ed anziana signora Bordoni \u00e8 diventata via via pi\u00f9 eccentrica. Una piccolissima signora, alta poco pi\u00f9 1,5m, indossava spessi tweed e mantelli da caccia anche in piena estate; si potrebbe definitre quasi un personaggio dickensiano. Questo non vuol dire che non fosse lucida fino alla fine, riuscendo spesso a &#8220;avere la meglio&#8221; sui contadini locali nel suo commercio di vino e olio d&#8217;oliva. Negli ultimi tempi, per\u00f2, la sua eccentricit\u00e0 \u00e8 diventata eccessiva, iniziando a vivere quasi da eremita in una sola stanza della villa, senza acqua corrente, circondata da vecchi giornali che si rifiutava di buttare via, e anche da un grande collezione di animali imbalsamati (tra cui un alligatore) &#8211; trofei di caccia del bisnonno\u2026<\/p>\n\n\n\n<p>Con solo i suoi tanti gatti e almeno 20 tartarughe per tenerle compagnia, ma con pochi contatti umani, nel 1997, con grande difficolt\u00e0 e riluttanza, prende la dolorosa decisione di lasciarsi alle spalle le condizioni spartane di Mezzuola, e di ritirarsi in una casa di cura nella sua natia Firenze\u2026<\/p>\n","protected":false},"excerpt":{"rendered":"<p>Villa Bordoni \u00e8 una &#8220;Villa Patrizia&#8221; &#8211; l&#8217;ex residenza di campagna dei Bordoni, una famiglia di ricchi mercanti della citt\u00e0 di Firenze. Per comprendere la storia della Villa, bisogna comprendere la storia della Valle della Greve e oltre, fino all&#8217;agglomerato di citt\u00e0-stato che oggi sono conosciute come l&#8217;Italia. Firenze e Siena erano stati indipendenti nel&#8230;<\/p>\n","protected":false},"author":1,"featured_media":740,"parent":376,"menu_order":5,"comment_status":"closed","ping_status":"closed","template":"","meta":{"_acf_changed":false,"footnotes":""},"class_list":["post-382","page","type-page","status-publish","has-post-thumbnail","hentry"],"acf":[],"yoast_head":"<!-- This site is optimized with the Yoast SEO plugin v27.5 - https:\/\/yoast.com\/product\/yoast-seo-wordpress\/ -->\n<title>La Villa e la sua Trasformazione | Villa Bordoni nel Chianti<\/title>\n<meta name=\"description\" content=\"Dall&#039;XI secolo ad oggi: la storia affascinante di Villa Bordoni, trasformata da torre medievale a raffinata villa toscana nel cuore del Chianti.\" \/>\n<meta name=\"robots\" content=\"index, follow, max-snippet:-1, max-image-preview:large, max-video-preview:-1\" \/>\n<link rel=\"canonical\" href=\"https:\/\/www.villabordoni.com\/it\/la-storia\/la-villa-e-la-sua-trasformazione\/\" \/>\n<meta property=\"og:locale\" content=\"it_IT\" \/>\n<meta property=\"og:type\" content=\"article\" \/>\n<meta property=\"og:title\" content=\"La Villa e la sua Trasformazione | Villa Bordoni nel Chianti\" \/>\n<meta property=\"og:description\" content=\"Dall&#039;XI secolo ad oggi: la storia affascinante di Villa Bordoni, trasformata da torre medievale a raffinata villa toscana nel cuore del Chianti.\" \/>\n<meta property=\"og:url\" content=\"https:\/\/www.villabordoni.com\/it\/la-storia\/la-villa-e-la-sua-trasformazione\/\" \/>\n<meta property=\"og:site_name\" content=\"Villa Bordoni Chianti Hotel\" \/>\n<meta property=\"article:modified_time\" content=\"2026-03-08T12:06:26+00:00\" \/>\n<meta property=\"og:image\" content=\"https:\/\/www.villabordoni.com\/wp-content\/uploads\/2022\/02\/history-2.jpg\" \/>\n\t<meta property=\"og:image:width\" content=\"1920\" \/>\n\t<meta property=\"og:image:height\" content=\"1080\" \/>\n\t<meta property=\"og:image:type\" content=\"image\/jpeg\" \/>\n<meta name=\"twitter:card\" content=\"summary_large_image\" \/>\n<meta name=\"twitter:label1\" content=\"Tempo di lettura stimato\" \/>\n\t<meta name=\"twitter:data1\" content=\"3 minuti\" \/>\n<script type=\"application\/ld+json\" class=\"yoast-schema-graph\">{\"@context\":\"https:\\\/\\\/schema.org\",\"@graph\":[{\"@type\":\"WebPage\",\"@id\":\"https:\\\/\\\/www.villabordoni.com\\\/it\\\/la-storia\\\/la-villa-e-la-sua-trasformazione\\\/\",\"url\":\"https:\\\/\\\/www.villabordoni.com\\\/it\\\/la-storia\\\/la-villa-e-la-sua-trasformazione\\\/\",\"name\":\"La Villa e la sua Trasformazione | Villa Bordoni nel Chianti\",\"isPartOf\":{\"@id\":\"https:\\\/\\\/www.villabordoni.com\\\/#website\"},\"primaryImageOfPage\":{\"@id\":\"https:\\\/\\\/www.villabordoni.com\\\/it\\\/la-storia\\\/la-villa-e-la-sua-trasformazione\\\/#primaryimage\"},\"image\":{\"@id\":\"https:\\\/\\\/www.villabordoni.com\\\/it\\\/la-storia\\\/la-villa-e-la-sua-trasformazione\\\/#primaryimage\"},\"thumbnailUrl\":\"https:\\\/\\\/www.villabordoni.com\\\/wp-content\\\/uploads\\\/2022\\\/02\\\/history-2.jpg\",\"datePublished\":\"2022-01-31T22:52:24+00:00\",\"dateModified\":\"2026-03-08T12:06:26+00:00\",\"description\":\"Dall'XI secolo ad oggi: la storia affascinante di Villa Bordoni, trasformata da torre medievale a raffinata villa toscana nel cuore del Chianti.\",\"breadcrumb\":{\"@id\":\"https:\\\/\\\/www.villabordoni.com\\\/it\\\/la-storia\\\/la-villa-e-la-sua-trasformazione\\\/#breadcrumb\"},\"inLanguage\":\"it-IT\",\"potentialAction\":[{\"@type\":\"ReadAction\",\"target\":[\"https:\\\/\\\/www.villabordoni.com\\\/it\\\/la-storia\\\/la-villa-e-la-sua-trasformazione\\\/\"]}]},{\"@type\":\"ImageObject\",\"inLanguage\":\"it-IT\",\"@id\":\"https:\\\/\\\/www.villabordoni.com\\\/it\\\/la-storia\\\/la-villa-e-la-sua-trasformazione\\\/#primaryimage\",\"url\":\"https:\\\/\\\/www.villabordoni.com\\\/wp-content\\\/uploads\\\/2022\\\/02\\\/history-2.jpg\",\"contentUrl\":\"https:\\\/\\\/www.villabordoni.com\\\/wp-content\\\/uploads\\\/2022\\\/02\\\/history-2.jpg\",\"width\":1920,\"height\":1080},{\"@type\":\"BreadcrumbList\",\"@id\":\"https:\\\/\\\/www.villabordoni.com\\\/it\\\/la-storia\\\/la-villa-e-la-sua-trasformazione\\\/#breadcrumb\",\"itemListElement\":[{\"@type\":\"ListItem\",\"position\":1,\"name\":\"Home\",\"item\":\"https:\\\/\\\/www.villabordoni.com\\\/it\\\/\"},{\"@type\":\"ListItem\",\"position\":2,\"name\":\"La storia\",\"item\":\"https:\\\/\\\/www.villabordoni.com\\\/it\\\/la-storia\\\/\"},{\"@type\":\"ListItem\",\"position\":3,\"name\":\"La Villa e la sua trasformazione\"}]},{\"@type\":\"WebSite\",\"@id\":\"https:\\\/\\\/www.villabordoni.com\\\/#website\",\"url\":\"https:\\\/\\\/www.villabordoni.com\\\/\",\"name\":\"Villa Bordoni Chianti Hotel\",\"description\":\"Boutique hotel in the heart of Tuscany\",\"potentialAction\":[{\"@type\":\"SearchAction\",\"target\":{\"@type\":\"EntryPoint\",\"urlTemplate\":\"https:\\\/\\\/www.villabordoni.com\\\/?s={search_term_string}\"},\"query-input\":{\"@type\":\"PropertyValueSpecification\",\"valueRequired\":true,\"valueName\":\"search_term_string\"}}],\"inLanguage\":\"it-IT\"}]}<\/script>\n<!-- \/ Yoast SEO plugin. -->","yoast_head_json":{"title":"La Villa e la sua Trasformazione | Villa Bordoni nel Chianti","description":"Dall'XI secolo ad oggi: la storia affascinante di Villa Bordoni, trasformata da torre medievale a raffinata villa toscana nel cuore del Chianti.","robots":{"index":"index","follow":"follow","max-snippet":"max-snippet:-1","max-image-preview":"max-image-preview:large","max-video-preview":"max-video-preview:-1"},"canonical":"https:\/\/www.villabordoni.com\/it\/la-storia\/la-villa-e-la-sua-trasformazione\/","og_locale":"it_IT","og_type":"article","og_title":"La Villa e la sua Trasformazione | Villa Bordoni nel Chianti","og_description":"Dall'XI secolo ad oggi: la storia affascinante di Villa Bordoni, trasformata da torre medievale a raffinata villa toscana nel cuore del Chianti.","og_url":"https:\/\/www.villabordoni.com\/it\/la-storia\/la-villa-e-la-sua-trasformazione\/","og_site_name":"Villa Bordoni Chianti Hotel","article_modified_time":"2026-03-08T12:06:26+00:00","og_image":[{"width":1920,"height":1080,"url":"https:\/\/www.villabordoni.com\/wp-content\/uploads\/2022\/02\/history-2.jpg","type":"image\/jpeg"}],"twitter_card":"summary_large_image","twitter_misc":{"Tempo di lettura stimato":"3 minuti"},"schema":{"@context":"https:\/\/schema.org","@graph":[{"@type":"WebPage","@id":"https:\/\/www.villabordoni.com\/it\/la-storia\/la-villa-e-la-sua-trasformazione\/","url":"https:\/\/www.villabordoni.com\/it\/la-storia\/la-villa-e-la-sua-trasformazione\/","name":"La Villa e la sua Trasformazione | Villa Bordoni nel Chianti","isPartOf":{"@id":"https:\/\/www.villabordoni.com\/#website"},"primaryImageOfPage":{"@id":"https:\/\/www.villabordoni.com\/it\/la-storia\/la-villa-e-la-sua-trasformazione\/#primaryimage"},"image":{"@id":"https:\/\/www.villabordoni.com\/it\/la-storia\/la-villa-e-la-sua-trasformazione\/#primaryimage"},"thumbnailUrl":"https:\/\/www.villabordoni.com\/wp-content\/uploads\/2022\/02\/history-2.jpg","datePublished":"2022-01-31T22:52:24+00:00","dateModified":"2026-03-08T12:06:26+00:00","description":"Dall'XI secolo ad oggi: la storia affascinante di Villa Bordoni, trasformata da torre medievale a raffinata villa toscana nel cuore del Chianti.","breadcrumb":{"@id":"https:\/\/www.villabordoni.com\/it\/la-storia\/la-villa-e-la-sua-trasformazione\/#breadcrumb"},"inLanguage":"it-IT","potentialAction":[{"@type":"ReadAction","target":["https:\/\/www.villabordoni.com\/it\/la-storia\/la-villa-e-la-sua-trasformazione\/"]}]},{"@type":"ImageObject","inLanguage":"it-IT","@id":"https:\/\/www.villabordoni.com\/it\/la-storia\/la-villa-e-la-sua-trasformazione\/#primaryimage","url":"https:\/\/www.villabordoni.com\/wp-content\/uploads\/2022\/02\/history-2.jpg","contentUrl":"https:\/\/www.villabordoni.com\/wp-content\/uploads\/2022\/02\/history-2.jpg","width":1920,"height":1080},{"@type":"BreadcrumbList","@id":"https:\/\/www.villabordoni.com\/it\/la-storia\/la-villa-e-la-sua-trasformazione\/#breadcrumb","itemListElement":[{"@type":"ListItem","position":1,"name":"Home","item":"https:\/\/www.villabordoni.com\/it\/"},{"@type":"ListItem","position":2,"name":"La storia","item":"https:\/\/www.villabordoni.com\/it\/la-storia\/"},{"@type":"ListItem","position":3,"name":"La Villa e la sua trasformazione"}]},{"@type":"WebSite","@id":"https:\/\/www.villabordoni.com\/#website","url":"https:\/\/www.villabordoni.com\/","name":"Villa Bordoni Chianti Hotel","description":"Boutique hotel in the heart of Tuscany","potentialAction":[{"@type":"SearchAction","target":{"@type":"EntryPoint","urlTemplate":"https:\/\/www.villabordoni.com\/?s={search_term_string}"},"query-input":{"@type":"PropertyValueSpecification","valueRequired":true,"valueName":"search_term_string"}}],"inLanguage":"it-IT"}]}},"_links":{"self":[{"href":"https:\/\/www.villabordoni.com\/it\/wp-json\/wp\/v2\/pages\/382","targetHints":{"allow":["GET"]}}],"collection":[{"href":"https:\/\/www.villabordoni.com\/it\/wp-json\/wp\/v2\/pages"}],"about":[{"href":"https:\/\/www.villabordoni.com\/it\/wp-json\/wp\/v2\/types\/page"}],"author":[{"embeddable":true,"href":"https:\/\/www.villabordoni.com\/it\/wp-json\/wp\/v2\/users\/1"}],"replies":[{"embeddable":true,"href":"https:\/\/www.villabordoni.com\/it\/wp-json\/wp\/v2\/comments?post=382"}],"version-history":[{"count":7,"href":"https:\/\/www.villabordoni.com\/it\/wp-json\/wp\/v2\/pages\/382\/revisions"}],"predecessor-version":[{"id":1074,"href":"https:\/\/www.villabordoni.com\/it\/wp-json\/wp\/v2\/pages\/382\/revisions\/1074"}],"up":[{"embeddable":true,"href":"https:\/\/www.villabordoni.com\/it\/wp-json\/wp\/v2\/pages\/376"}],"wp:featuredmedia":[{"embeddable":true,"href":"https:\/\/www.villabordoni.com\/it\/wp-json\/wp\/v2\/media\/740"}],"wp:attachment":[{"href":"https:\/\/www.villabordoni.com\/it\/wp-json\/wp\/v2\/media?parent=382"}],"curies":[{"name":"wp","href":"https:\/\/api.w.org\/{rel}","templated":true}]}}